{"id":31,"date":"2013-07-18T15:51:12","date_gmt":"2013-07-18T13:51:12","guid":{"rendered":"http:\/\/www.tierarzt-theus.ch\/?page_id=31"},"modified":"2018-03-07T16:23:20","modified_gmt":"2018-03-07T14:23:20","slug":"31-2","status":"publish","type":"page","link":"https:\/\/www.tierarzt-theus.ch\/?page_id=31","title":{"rendered":"Links"},"content":{"rendered":"<p>Hier finden Sie n\u00fctzliche und interessante Links:<\/p>\n<p><a title=\"Tierklinik Masans\" href=\"http:\/\/www.tierklinikmasans.ch\" target=\"_blank\" rel=\"noopener\">Tierklinik Masans<\/a> &#8211; die Spezialisten f\u00fcr komplexe Operationen<\/p>\n<p><a title=\"STMZ AG\" href=\"http:\/\/www.stmz.ch\" target=\"_blank\" rel=\"noopener\">STMZ AG<\/a> &#8211; Plattform f\u00fcr vermisste und gefundene Tiere<\/p>\n<p><a title=\"European Scientific Counsel Companion Animal Parasites\" href=\"http:\/\/www.esccap.ch\" target=\"_blank\" rel=\"noopener\">ESCCAP<\/a> &#8211; Informationen zu Parasiten bei Hunden und Katzen<\/p>\n<p><a title=\"BLV Bundesamt f\u00fcr Veterin\u00e4rwesen\" href=\"https:\/\/www.blv.admin.ch\/blv\/de\/home\/tiere\/reisen-mit-heimtieren.html\" target=\"_blank\" rel=\"noopener\">BLV<\/a> &#8211; Alles \u00fcber Reisen mit Ihrem Tier<\/p>\n<p><a title=\"Informationsportal BLV\" href=\"http:\/\/www.meinheimtier.ch\/de\" target=\"_blank\" rel=\"noopener\">meinheimtier<\/a> &#8211; Informationen zur richtigen Haltung von Heimtieren<\/p>\n<p><a title=\"Amicus\" href=\"https:\/\/www.amicus.ch\" target=\"_blank\" rel=\"noopener\">Amicus<\/a> &#8211; nationale Datenbank f\u00fcr gekennzeichnete Heimtiere<\/p>\n<p><a title=\"Tier im Recht\" href=\"http:\/\/www.tierimrecht.org\/\" target=\"_blank\" rel=\"noopener\">Tier im Recht<\/a> &#8211; das Tierschutzportal rund um Tiere &amp; Tierschutz<\/p>\n","protected":false},"excerpt":{"rendered":"<p>Hier finden Sie n\u00fctzliche und interessante Links: Tierklinik Masans &#8211; die Spezialisten f\u00fcr komplexe Operationen STMZ AG &#8211; Plattform f\u00fcr vermisste und gefundene Tiere ESCCAP &#8211; Informationen zu Parasiten bei Hunden und Katzen BLV &#8211; Alles \u00fcber Reisen mit Ihrem Tier meinheimtier &#8211; Informationen zur richtigen Haltung von Heimtieren Amicus &#8211; nationale Datenbank f\u00fcr gekennzeichnete&hellip;<a href=\"https:\/\/www.tierarzt-theus.ch\/?page_id=31\" class=\"more-link\">Continue reading <span class=\"screen-reader-text\">Links<\/span><\/a><\/p>\n","protected":false},"author":1,"featured_media":0,"parent":0,"menu_order":50,"comment_status":"closed","ping_status":"closed","template":"page_fullwidth.php","meta":{"footnotes":""},"class_list":["post-31","page","type-page","status-publish","hentry"],"_links":{"self":[{"href":"https:\/\/www.tierarzt-theus.ch\/index.php?rest_route=\/wp\/v2\/pages\/31","targetHints":{"allow":["GET"]}}],"collection":[{"href":"https:\/\/www.tierarzt-theus.ch\/index.php?rest_route=\/wp\/v2\/pages"}],"about":[{"href":"https:\/\/www.tierarzt-theus.ch\/index.php?rest_route=\/wp\/v2\/types\/page"}],"author":[{"embeddable":true,"href":"https:\/\/www.tierarzt-theus.ch\/index.php?rest_route=\/wp\/v2\/users\/1"}],"replies":[{"embeddable":true,"href":"https:\/\/www.tierarzt-theus.ch\/index.php?rest_route=%2Fwp%2Fv2%2Fcomments&post=31"}],"version-history":[{"count":13,"href":"https:\/\/www.tierarzt-theus.ch\/index.php?rest_route=\/wp\/v2\/pages\/31\/revisions"}],"predecessor-version":[{"id":1059,"href":"https:\/\/www.tierarzt-theus.ch\/index.php?rest_route=\/wp\/v2\/pages\/31\/revisions\/1059"}],"wp:attachment":[{"href":"https:\/\/www.tierarzt-theus.ch\/index.php?rest_route=%2Fwp%2Fv2%2Fmedia&parent=31"}],"curies":[{"name":"wp","href":"https:\/\/api.w.org\/{rel}","templated":true}]}}