{"id":19,"date":"2013-07-18T15:44:35","date_gmt":"2013-07-18T13:44:35","guid":{"rendered":"http:\/\/www.tierarzt-theus.ch\/?page_id=19"},"modified":"2021-08-19T12:48:54","modified_gmt":"2021-08-19T10:48:54","slug":"leistungen","status":"publish","type":"page","link":"https:\/\/www.tierarzt-theus.ch\/?page_id=19","title":{"rendered":"Leistungen"},"content":{"rendered":"<h3>Kleintiere<\/h3>\n<ul>\n<li>Medizinische Abkl\u00e4rungen, Gesundheitschecks bei Hund, Katze, Heimtier<\/li>\n<li>Impfungen\/Entwurmungen<\/li>\n<li>Implantation von Microchips\/Ausstellen von Heimtierp\u00e4ssen<\/li>\n<li>Kastration von Hund, Katze, Heimtier<\/li>\n<li>kleine chirurgische Eingriffe<\/li>\n<li>Zahnbehandlungen\/Zahnsteinentfernung mit Ultraschall<\/li>\n<li>digitales R\u00f6ntgen<\/li>\n<li>Laboruntersuchungen in Zusammenarbeit mit anerkannten Veterin\u00e4rlabors<\/li>\n<li>scheren und k\u00e4mmen von Katzen<\/li>\n<\/ul>\n<h3>Beratung und Verkauf<\/h3>\n<ul>\n<li>Futtermittel-\/Ern\u00e4hrungsberatung (Royal Canin)<\/li>\n<li>Beratung vor dem Kauf eines Haustieres<\/li>\n<li>Beratung bei Ferienreisen mit Ihrem Tier<\/li>\n<li>Beratung bei Verhaltensproblemen<\/li>\n<li>Pet-Shop (mit \u00abPuppia\u00bb-Sortiment)<\/li>\n<\/ul>\n<h3><span style=\"color: #333333;\"><strong>Zahlungsmodalit\u00e4t<\/strong><\/span><\/h3>\n<p>Die Bezahlung erfolgt grunds\u00e4tzlich in <strong>bar, TWINT <\/strong>oder mit <strong>Debit- oder Kreditkarte<\/strong>.<br \/>\nWir akzeptieren alle g\u00e4ngigen Karten wie Postcard, Maestro, Mastercard und VISA.<\/p>\n","protected":false},"excerpt":{"rendered":"<p>Kleintiere Medizinische Abkl\u00e4rungen, Gesundheitschecks bei Hund, Katze, Heimtier Impfungen\/Entwurmungen Implantation von Microchips\/Ausstellen von Heimtierp\u00e4ssen Kastration von Hund, Katze, Heimtier kleine chirurgische Eingriffe Zahnbehandlungen\/Zahnsteinentfernung mit Ultraschall digitales R\u00f6ntgen Laboruntersuchungen in Zusammenarbeit mit anerkannten Veterin\u00e4rlabors scheren und k\u00e4mmen von Katzen Beratung und Verkauf Futtermittel-\/Ern\u00e4hrungsberatung (Royal Canin) Beratung vor dem Kauf eines Haustieres Beratung bei Ferienreisen mit Ihrem&hellip;<a href=\"https:\/\/www.tierarzt-theus.ch\/?page_id=19\" class=\"more-link\">Continue reading <span class=\"screen-reader-text\">Leistungen<\/span><\/a><\/p>\n","protected":false},"author":1,"featured_media":0,"parent":0,"menu_order":30,"comment_status":"closed","ping_status":"open","template":"page_fullwidth.php","meta":{"footnotes":""},"class_list":["post-19","page","type-page","status-publish","hentry"],"_links":{"self":[{"href":"https:\/\/www.tierarzt-theus.ch\/index.php?rest_route=\/wp\/v2\/pages\/19","targetHints":{"allow":["GET"]}}],"collection":[{"href":"https:\/\/www.tierarzt-theus.ch\/index.php?rest_route=\/wp\/v2\/pages"}],"about":[{"href":"https:\/\/www.tierarzt-theus.ch\/index.php?rest_route=\/wp\/v2\/types\/page"}],"author":[{"embeddable":true,"href":"https:\/\/www.tierarzt-theus.ch\/index.php?rest_route=\/wp\/v2\/users\/1"}],"replies":[{"embeddable":true,"href":"https:\/\/www.tierarzt-theus.ch\/index.php?rest_route=%2Fwp%2Fv2%2Fcomments&post=19"}],"version-history":[{"count":31,"href":"https:\/\/www.tierarzt-theus.ch\/index.php?rest_route=\/wp\/v2\/pages\/19\/revisions"}],"predecessor-version":[{"id":1403,"href":"https:\/\/www.tierarzt-theus.ch\/index.php?rest_route=\/wp\/v2\/pages\/19\/revisions\/1403"}],"wp:attachment":[{"href":"https:\/\/www.tierarzt-theus.ch\/index.php?rest_route=%2Fwp%2Fv2%2Fmedia&parent=19"}],"curies":[{"name":"wp","href":"https:\/\/api.w.org\/{rel}","templated":true}]}}