{"id":10,"date":"2013-07-18T15:36:59","date_gmt":"2013-07-18T13:36:59","guid":{"rendered":"http:\/\/www.tierarzt-theus.ch\/?page_id=10"},"modified":"2018-07-24T10:29:52","modified_gmt":"2018-07-24T08:29:52","slug":"praxis","status":"publish","type":"page","link":"https:\/\/www.tierarzt-theus.ch\/?page_id=10","title":{"rendered":"Praxis"},"content":{"rendered":"<p>In unserer Kleintierpraxis k\u00fcmmern wir uns um Ihren Hund, Ihre Katze, Kaninchen, Meerschweinchen oder andere Kleins\u00e4uger mit viel Einf\u00fchlungsverm\u00f6gen und Geduld. Wir beraten Sie gerne bei Verhaltensproblemen, Fragen \u00fcber F\u00fctterung und vieles mehr.<\/p>\n<p><strong><em>Sprechstunden nach telefonischer Vereinbarung<\/em><\/strong> unter der Nummer: +41 81 633 36 37<\/p>\n<p><strong>Unsere \u00d6ffnungszeiten:<\/strong><br \/>\nMontag \u2013 Freitag<br \/>\n07:30 bis 12:00 \/ 13:45 bis 18:00 Uhr<\/p>\n<p><strong>Hier finden Sie uns:<br \/>\n<\/strong>Unsere Praxis befindet sich an der Via Nova 27 (Hauptstrasse) in 7013 Domat\/Ems. Ihnen stehen zwei angeschriebene Kundenparkpl\u00e4tze zur Verf\u00fcgung. Die Bushaltestelle (Post) und der Bahnhof befinden sich nahe der Praxis.<\/p>\n<p><iframe loading=\"lazy\" src=\"https:\/\/maps.google.ch\/maps?oe=utf-8&amp;client=firefox-a&amp;ie=UTF8&amp;q=tierarzt+Domat&amp;fb=1&amp;gl=ch&amp;hq=tierarzt&amp;hnear=Domat%2FEms,+Graub%C3%BCnden&amp;t=m&amp;cid=4214870896326852630&amp;ll=46.842816,9.449615&amp;spn=0.023483,0.051498&amp;z=14&amp;iwloc=A&amp;output=embed\" width=\"600\" height=\"400\" frameborder=\"0\" marginwidth=\"0\" marginheight=\"0\" scrolling=\"no\"><\/iframe><br \/>\n<small><a style=\"color: #0000ff; text-align: left;\" href=\"https:\/\/maps.google.ch\/maps?oe=utf-8&amp;client=firefox-a&amp;ie=UTF8&amp;q=tierarzt+Domat&amp;fb=1&amp;gl=ch&amp;hq=tierarzt&amp;hnear=Domat%2FEms,+Graub%C3%BCnden&amp;t=m&amp;cid=4214870896326852630&amp;ll=46.842816,9.449615&amp;spn=0.023483,0.051498&amp;z=14&amp;iwloc=A&amp;source=embed\">Gr\u00f6\u00dfere Kartenansicht<\/a><\/small><\/p>\n<h3>Unsere Praxis in Bildern<\/h3>\n<div id='gallery-1' class='gallery galleryid-10 gallery-columns-3 gallery-size-full'><figure class='gallery-item'>\n\t\t\t<div class='gallery-icon landscape'>\n\t\t\t\t<img loading=\"lazy\" decoding=\"async\" width=\"300\" height=\"225\" src=\"https:\/\/www.tierarzt-theus.ch\/wp-content\/uploads\/2013\/07\/Empfang-e1422621467662.jpg\" class=\"attachment-full size-full\" alt=\"Empfang\" aria-describedby=\"gallery-1-104\" \/>\n\t\t\t<\/div>\n\t\t\t\t<figcaption class='wp-caption-text gallery-caption' id='gallery-1-104'>\n\t\t\t\tEmpfang\n\t\t\t\t<\/figcaption><\/figure><figure class='gallery-item'>\n\t\t\t<div class='gallery-icon landscape'>\n\t\t\t\t<img loading=\"lazy\" decoding=\"async\" width=\"300\" height=\"225\" src=\"https:\/\/www.tierarzt-theus.ch\/wp-content\/uploads\/2018\/07\/Shop-e1532420943654.jpg\" class=\"attachment-full size-full\" alt=\"\" aria-describedby=\"gallery-1-1153\" \/>\n\t\t\t<\/div>\n\t\t\t\t<figcaption class='wp-caption-text gallery-caption' id='gallery-1-1153'>\n\t\t\t\tShop\n\t\t\t\t<\/figcaption><\/figure><figure class='gallery-item'>\n\t\t\t<div class='gallery-icon landscape'>\n\t\t\t\t<img loading=\"lazy\" decoding=\"async\" width=\"300\" height=\"225\" src=\"https:\/\/www.tierarzt-theus.ch\/wp-content\/uploads\/2013\/07\/Behandlungs-e1422621629283.jpg\" class=\"attachment-full size-full\" alt=\"Behandlungszimmer\" aria-describedby=\"gallery-1-97\" \/>\n\t\t\t<\/div>\n\t\t\t\t<figcaption class='wp-caption-text gallery-caption' id='gallery-1-97'>\n\t\t\t\tBehandlung\n\t\t\t\t<\/figcaption><\/figure><figure class='gallery-item'>\n\t\t\t<div class='gallery-icon landscape'>\n\t\t\t\t<img loading=\"lazy\" decoding=\"async\" width=\"300\" height=\"225\" src=\"https:\/\/www.tierarzt-theus.ch\/wp-content\/uploads\/2015\/08\/OP1-e1439802072502.jpg\" class=\"attachment-full size-full\" alt=\"\" aria-describedby=\"gallery-1-720\" \/>\n\t\t\t<\/div>\n\t\t\t\t<figcaption class='wp-caption-text gallery-caption' id='gallery-1-720'>\n\t\t\t\tOperationsraum\n\t\t\t\t<\/figcaption><\/figure><figure class='gallery-item'>\n\t\t\t<div class='gallery-icon landscape'>\n\t\t\t\t<img loading=\"lazy\" decoding=\"async\" width=\"300\" height=\"225\" src=\"https:\/\/www.tierarzt-theus.ch\/wp-content\/uploads\/2015\/08\/Aufenthalt-e1439801954384.jpg\" class=\"attachment-full size-full\" alt=\"\" aria-describedby=\"gallery-1-718\" \/>\n\t\t\t<\/div>\n\t\t\t\t<figcaption class='wp-caption-text gallery-caption' id='gallery-1-718'>\n\t\t\t\tAufenthalt Personal\n\t\t\t\t<\/figcaption><\/figure>\n\t\t<\/div>\n\n","protected":false},"excerpt":{"rendered":"<p>In unserer Kleintierpraxis k\u00fcmmern wir uns um Ihren Hund, Ihre Katze, Kaninchen, Meerschweinchen oder andere Kleins\u00e4uger mit viel Einf\u00fchlungsverm\u00f6gen und Geduld. Wir beraten Sie gerne bei Verhaltensproblemen, Fragen \u00fcber F\u00fctterung und vieles mehr. Sprechstunden nach telefonischer Vereinbarung unter der Nummer: +41 81 633 36 37 Unsere \u00d6ffnungszeiten: Montag \u2013 Freitag 07:30 bis 12:00 \/ 13:45&hellip;<a href=\"https:\/\/www.tierarzt-theus.ch\/?page_id=10\" class=\"more-link\">Continue reading <span class=\"screen-reader-text\">Praxis<\/span><\/a><\/p>\n","protected":false},"author":1,"featured_media":0,"parent":0,"menu_order":10,"comment_status":"closed","ping_status":"open","template":"page_fullwidth.php","meta":{"footnotes":""},"class_list":["post-10","page","type-page","status-publish","hentry"],"_links":{"self":[{"href":"https:\/\/www.tierarzt-theus.ch\/index.php?rest_route=\/wp\/v2\/pages\/10","targetHints":{"allow":["GET"]}}],"collection":[{"href":"https:\/\/www.tierarzt-theus.ch\/index.php?rest_route=\/wp\/v2\/pages"}],"about":[{"href":"https:\/\/www.tierarzt-theus.ch\/index.php?rest_route=\/wp\/v2\/types\/page"}],"author":[{"embeddable":true,"href":"https:\/\/www.tierarzt-theus.ch\/index.php?rest_route=\/wp\/v2\/users\/1"}],"replies":[{"embeddable":true,"href":"https:\/\/www.tierarzt-theus.ch\/index.php?rest_route=%2Fwp%2Fv2%2Fcomments&post=10"}],"version-history":[{"count":55,"href":"https:\/\/www.tierarzt-theus.ch\/index.php?rest_route=\/wp\/v2\/pages\/10\/revisions"}],"predecessor-version":[{"id":1155,"href":"https:\/\/www.tierarzt-theus.ch\/index.php?rest_route=\/wp\/v2\/pages\/10\/revisions\/1155"}],"wp:attachment":[{"href":"https:\/\/www.tierarzt-theus.ch\/index.php?rest_route=%2Fwp%2Fv2%2Fmedia&parent=10"}],"curies":[{"name":"wp","href":"https:\/\/api.w.org\/{rel}","templated":true}]}}